{"id":12161,"date":"2025-06-09T17:12:46","date_gmt":"2025-06-09T17:12:46","guid":{"rendered":"https:\/\/purelifepraha.com\/?page_id=12161"},"modified":"2025-08-31T17:36:04","modified_gmt":"2025-08-31T17:36:04","slug":"book-reading-sessions","status":"publish","type":"page","link":"https:\/\/purelifepraha.com\/cs\/workshops-old\/book-reading-sessions\/","title":{"rendered":"Book Reading Sessions"},"content":{"rendered":"<div data-elementor-type=\"wp-page\" data-elementor-id=\"12161\" class=\"elementor elementor-12161\">\n\t\t\t\t\t\t<section class=\"elementor-section elementor-top-section elementor-element elementor-element-f783e64 elementor-section-full_width elementor-section-height-default elementor-section-height-default sc_fly_static\" data-id=\"f783e64\" data-element_type=\"section\" data-e-type=\"section\">\n\t\t\t\t\t\t<div class=\"elementor-container elementor-column-gap-extended\">\n\t\t\t\t\t<div class=\"elementor-column elementor-col-100 elementor-top-column elementor-element elementor-element-6ab736d sc_inner_width_1_1 sc_content_align_inherit sc_layouts_column_icons_position_left sc_fly_static\" data-id=\"6ab736d\" data-element_type=\"column\" data-e-type=\"column\">\n\t\t\t<div class=\"elementor-widget-wrap elementor-element-populated\">\n\t\t\t\t\t\t<div class=\"elementor-element elementor-element-83f71d8 elementor-widget__width-inherit sc_fly_static elementor-widget elementor-widget-spacer\" data-id=\"83f71d8\" data-element_type=\"widget\" data-e-type=\"widget\" data-widget_type=\"spacer.default\">\n\t\t\t\t<div class=\"elementor-widget-container\">\n\t\t\t\t\t\t\t<div class=\"elementor-spacer\">\n\t\t\t<div class=\"elementor-spacer-inner\"><\/div>\n\t\t<\/div>\n\t\t\t\t\t\t<\/div>\n\t\t\t\t<\/div>\n\t\t\t\t<div class=\"elementor-element elementor-element-a83c67f sc_fly_static elementor-widget elementor-widget-trx_sc_title\" data-id=\"a83c67f\" data-element_type=\"widget\" data-e-type=\"widget\" data-widget_type=\"trx_sc_title.default\">\n\t\t\t\t<div class=\"elementor-widget-container\">\n\t\t\t\t\t<div\t\tclass=\"sc_title sc_title_default\" ><h2 class=\"sc_item_title sc_title_title sc_align_center sc_item_title_style_default\"\n\t\t\t><span class=\"sc_item_title_text\">Objevujte n\u00e1pady, kter\u00e9 podporuj\u00ed r\u016fst a pohodu<\/span><\/h2><\/div>\t\t\t\t<\/div>\n\t\t\t\t<\/div>\n\t\t\t\t<div class=\"elementor-element elementor-element-6966fcf elementor-widget__width-inherit sc_fly_static elementor-widget elementor-widget-spacer\" data-id=\"6966fcf\" data-element_type=\"widget\" data-e-type=\"widget\" data-widget_type=\"spacer.default\">\n\t\t\t\t<div class=\"elementor-widget-container\">\n\t\t\t\t\t\t\t<div class=\"elementor-spacer\">\n\t\t\t<div class=\"elementor-spacer-inner\"><\/div>\n\t\t<\/div>\n\t\t\t\t\t\t<\/div>\n\t\t\t\t<\/div>\n\t\t\t\t<div class=\"elementor-element elementor-element-1bbeafb elementor-widget__width-initial sc_fly_static elementor-widget elementor-widget-image\" data-id=\"1bbeafb\" data-element_type=\"widget\" data-e-type=\"widget\" data-widget_type=\"image.default\">\n\t\t\t\t<div class=\"elementor-widget-container\">\n\t\t\t\t\t\t\t\t\t\t\t\t\t\t\t<img fetchpriority=\"high\" decoding=\"async\" width=\"1920\" height=\"1080\" src=\"https:\/\/purelifepraha.com\/wp-content\/uploads\/2025\/06\/Tiramisu-Workshop.png\" class=\"attachment-full size-full wp-image-12165\" alt=\"Book reading\" srcset=\"https:\/\/purelifepraha.com\/wp-content\/uploads\/2025\/06\/Tiramisu-Workshop.png 1920w, https:\/\/purelifepraha.com\/wp-content\/uploads\/2025\/06\/Tiramisu-Workshop-400x225.png 400w, https:\/\/purelifepraha.com\/wp-content\/uploads\/2025\/06\/Tiramisu-Workshop-300x169.png 300w, https:\/\/purelifepraha.com\/wp-content\/uploads\/2025\/06\/Tiramisu-Workshop-768x432.png 768w, https:\/\/purelifepraha.com\/wp-content\/uploads\/2025\/06\/Tiramisu-Workshop-1024x576.png 1024w, https:\/\/purelifepraha.com\/wp-content\/uploads\/2025\/06\/Tiramisu-Workshop-1536x864.png 1536w, https:\/\/purelifepraha.com\/wp-content\/uploads\/2025\/06\/Tiramisu-Workshop-18x10.png 18w, https:\/\/purelifepraha.com\/wp-content\/uploads\/2025\/06\/Tiramisu-Workshop-370x208.png 370w, https:\/\/purelifepraha.com\/wp-content\/uploads\/2025\/06\/Tiramisu-Workshop-1290x725.png 1290w, https:\/\/purelifepraha.com\/wp-content\/uploads\/2025\/06\/Tiramisu-Workshop-840x473.png 840w, https:\/\/purelifepraha.com\/wp-content\/uploads\/2025\/06\/Tiramisu-Workshop-410x231.png 410w, https:\/\/purelifepraha.com\/wp-content\/uploads\/2025\/06\/Tiramisu-Workshop-270x152.png 270w\" sizes=\"(max-width: 1920px) 100vw, 1920px\" \/>\t\t\t\t\t\t\t\t\t\t\t\t\t\t\t<\/div>\n\t\t\t\t<\/div>\n\t\t\t\t<div class=\"elementor-element elementor-element-b6c5735 sc_fly_static elementor-widget elementor-widget-spacer\" data-id=\"b6c5735\" data-element_type=\"widget\" data-e-type=\"widget\" data-widget_type=\"spacer.default\">\n\t\t\t\t<div class=\"elementor-widget-container\">\n\t\t\t\t\t\t\t<div class=\"elementor-spacer\">\n\t\t\t<div class=\"elementor-spacer-inner\"><\/div>\n\t\t<\/div>\n\t\t\t\t\t\t<\/div>\n\t\t\t\t<\/div>\n\t\t\t\t<div class=\"elementor-element elementor-element-4d953e8 sc_fly_static elementor-widget elementor-widget-trx_sc_button\" data-id=\"4d953e8\" data-element_type=\"widget\" data-e-type=\"widget\" data-widget_type=\"trx_sc_button.default\">\n\t\t\t\t<div class=\"elementor-widget-container\">\n\t\t\t\t\t<div\tclass=\"sc_item_button sc_button_wrap sc_align_center\" ><a href=\"https:\/\/www.facebook.com\/pureprahalife\" class=\"sc_button sc_button_default sc_button_size_small sc_button_icon_left\" target=\"_blank\" ><span class=\"sc_button_text\"><span class=\"sc_button_title\">V\u00edce informac\u00ed<\/span><\/span><\/a><\/div>\t\t\t\t<\/div>\n\t\t\t\t<\/div>\n\t\t\t\t<div class=\"elementor-element elementor-element-94c01ff sc_fly_static elementor-widget elementor-widget-spacer\" data-id=\"94c01ff\" data-element_type=\"widget\" data-e-type=\"widget\" data-widget_type=\"spacer.default\">\n\t\t\t\t<div class=\"elementor-widget-container\">\n\t\t\t\t\t\t\t<div class=\"elementor-spacer\">\n\t\t\t<div class=\"elementor-spacer-inner\"><\/div>\n\t\t<\/div>\n\t\t\t\t\t\t<\/div>\n\t\t\t\t<\/div>\n\t\t\t\t\t<\/div>\n\t\t<\/div>\n\t\t\t\t\t<\/div>\n\t\t<\/section>\n\t\t\t\t<section class=\"elementor-section elementor-top-section elementor-element elementor-element-1984ed3 sc_extra_bg_large_right elementor-section-boxed elementor-section-height-default elementor-section-height-default sc_fly_static\" data-id=\"1984ed3\" data-element_type=\"section\" data-e-type=\"section\" data-settings=\"{&quot;background_background&quot;:&quot;classic&quot;}\">\n\t\t\t\t\t\t<div class=\"elementor-container elementor-column-gap-extended\">\n\t\t\t\t\t<div class=\"elementor-column elementor-col-100 elementor-top-column elementor-element elementor-element-89dde13 sc_inner_width_1_1 sc_content_align_inherit sc_layouts_column_icons_position_left sc_fly_static\" data-id=\"89dde13\" data-element_type=\"column\" data-e-type=\"column\">\n\t\t\t<div class=\"elementor-widget-wrap elementor-element-populated\">\n\t\t\t\t\t\t<div class=\"elementor-element elementor-element-2a51fc9 sc_fly_static elementor-widget elementor-widget-spacer\" data-id=\"2a51fc9\" data-element_type=\"widget\" data-e-type=\"widget\" data-widget_type=\"spacer.default\">\n\t\t\t\t<div class=\"elementor-widget-container\">\n\t\t\t\t\t\t\t<div class=\"elementor-spacer\">\n\t\t\t<div class=\"elementor-spacer-inner\"><\/div>\n\t\t<\/div>\n\t\t\t\t\t\t<\/div>\n\t\t\t\t<\/div>\n\t\t\t\t<div data-animation-type=\"block\" class=\"elementor-element elementor-element-c1edb2e elementor-widget__width-inherit animation_type_block sc_fly_static elementor-invisible elementor-widget elementor-widget-trx_sc_title\" data-id=\"c1edb2e\" data-element_type=\"widget\" data-e-type=\"widget\" data-settings=\"{&quot;_animation&quot;:&quot;fadeInLeft&quot;}\" data-widget_type=\"trx_sc_title.default\">\n\t\t\t\t<div class=\"elementor-widget-container\">\n\t\t\t\t\t<div\t\tclass=\"sc_title sc_title_default\" ><h2 class=\"sc_item_title sc_title_title sc_item_title_style_default\"\n\t\t\t><span class=\"sc_item_title_text\">R\u00e1di bychom v\u00e1m p\u0159edstavili na\u0161e nadch\u00e1zej\u00edc\u00ed \u010dtec\u00ed sezen\u00ed knih \u2014 \n<\/span><span class=\"sc_item_title_text2\">prostor pro zamy\u0161len\u00ed, sd\u00edlen\u00ed a r\u016fst d\u00edky poznatk\u016fm z transforma\u010dn\u00edch knih<\/span><\/h2><\/div>\t\t\t\t<\/div>\n\t\t\t\t<\/div>\n\t\t\t\t<section class=\"elementor-section elementor-inner-section elementor-element elementor-element-906785b elementor-section-full_width elementor-section-height-default elementor-section-height-default sc_fly_static\" data-id=\"906785b\" data-element_type=\"section\" data-e-type=\"section\" data-settings=\"{&quot;background_background&quot;:&quot;classic&quot;}\">\n\t\t\t\t\t\t<div class=\"elementor-container elementor-column-gap-default\">\n\t\t\t\t\t<div class=\"elementor-column elementor-col-100 elementor-inner-column elementor-element elementor-element-f6e9024 sc_inner_width_1_1 sc_content_align_inherit sc_layouts_column_icons_position_left sc_fly_static\" data-id=\"f6e9024\" data-element_type=\"column\" data-e-type=\"column\">\n\t\t\t<div class=\"elementor-widget-wrap elementor-element-populated\">\n\t\t\t\t\t\t<div data-animation-type=\"block\" class=\"elementor-element elementor-element-295b90b animated-slow elementor-widget__width-initial animation_type_block sc_fly_static elementor-invisible elementor-widget elementor-widget-text-editor\" data-id=\"295b90b\" data-element_type=\"widget\" data-e-type=\"widget\" data-settings=\"{&quot;_animation&quot;:&quot;fadeIn&quot;,&quot;_animation_delay&quot;:500}\" data-widget_type=\"text-editor.default\">\n\t\t\t\t<div class=\"elementor-widget-container\">\n\t\t\t\t\t\t\t\t\t<p class=\"p1\">P\u0159ipojte se k n\u00e1m p\u0159i objevov\u00e1n\u00ed titul\u016f, kter\u00e9 otev\u00edraj\u00ed srdce a mysl:<\/p><p class=\"p1\">\u2022 <i style=\"color: #aebdab; font-weight: bold;\">Sv\u011bt bez st\u00ed\u017enost\u00ed<\/i> - objevte, jak prom\u011bnit sv\u016fj \u017eivot zm\u011bnou slov a my\u0161len\u00ed<\/p><p class=\"p1\">\u2022 <i style=\"color: #aebdab; font-weight: bold;\">Mnoho \u017eivot\u016f, mnoho mistr\u016f<\/i> \u2013 cesta do minul\u00fdch \u017eivot\u016f a duchovn\u00edho probuzen\u00ed<\/p><p class=\"p1\">\u2022 <i style=\"color: #aebdab; font-weight: bold;\">Studie \u010c\u00edna<\/i> \u2013 v\u011bdecky podlo\u017een\u00e9 poznatky o v\u00fd\u017eiv\u011b a zdrav\u00ed<\/p><p class=\"p1\">\u2022 <i style=\"color: #aebdab; font-weight: bold;\">Ryt\u00ed\u0159 v rezav\u00e9 zbroji<\/i> \u2013 kr\u00e1sn\u00e1 alegorie o sebepozn\u00e1n\u00ed toho, k\u00fdm jsme<\/p><p class=\"p1\">\u2022 <i style=\"color: #aebdab; font-weight: bold;\">7 n\u00e1vyk\u016f skute\u010dn\u011b efektivn\u00edch lid\u00ed<\/i> \u2013 nad\u010dasov\u00e9 principy pro osobn\u00ed a profesn\u00ed \u00fasp\u011bch<\/p><p class=\"p1\">Tato sezen\u00ed budou zahrnovat \u0159\u00edzen\u00e9 \u010dten\u00ed, skupinov\u00e9 reflexe a nen\u00e1ro\u010dn\u00e9 diskuse \u2014 v\u0161e v uvoln\u011bn\u00e9 a podp\u016frn\u00e9 atmosf\u00e9\u0159e.<\/p>\t\t\t\t\t\t\t\t<\/div>\n\t\t\t\t<\/div>\n\t\t\t\t<div data-animation-type=\"block\" class=\"elementor-element elementor-element-22b761a elementor-widget__width-initial animation_type_block sc_fly_static elementor-invisible elementor-widget elementor-widget-image\" data-id=\"22b761a\" data-element_type=\"widget\" data-e-type=\"widget\" data-settings=\"{&quot;_animation&quot;:&quot;fadeIn&quot;}\" data-widget_type=\"image.default\">\n\t\t\t\t<div class=\"elementor-widget-container\">\n\t\t\t\t\t\t\t\t\t\t\t\t\t\t\t<img decoding=\"async\" width=\"2160\" height=\"1440\" src=\"https:\/\/purelifepraha.com\/wp-content\/uploads\/2025\/08\/qtq80-q73KsI.jpeg\" class=\"attachment-full size-full wp-image-37340\" alt=\"\" srcset=\"https:\/\/purelifepraha.com\/wp-content\/uploads\/2025\/08\/qtq80-q73KsI.jpeg 2160w, https:\/\/purelifepraha.com\/wp-content\/uploads\/2025\/08\/qtq80-q73KsI-400x267.jpeg 400w, https:\/\/purelifepraha.com\/wp-content\/uploads\/2025\/08\/qtq80-q73KsI-300x200.jpeg 300w, https:\/\/purelifepraha.com\/wp-content\/uploads\/2025\/08\/qtq80-q73KsI-1024x683.jpeg 1024w, https:\/\/purelifepraha.com\/wp-content\/uploads\/2025\/08\/qtq80-q73KsI-768x512.jpeg 768w, https:\/\/purelifepraha.com\/wp-content\/uploads\/2025\/08\/qtq80-q73KsI-1536x1024.jpeg 1536w, https:\/\/purelifepraha.com\/wp-content\/uploads\/2025\/08\/qtq80-q73KsI-2048x1365.jpeg 2048w, https:\/\/purelifepraha.com\/wp-content\/uploads\/2025\/08\/qtq80-q73KsI-18x12.jpeg 18w, https:\/\/purelifepraha.com\/wp-content\/uploads\/2025\/08\/qtq80-q73KsI-370x247.jpeg 370w, https:\/\/purelifepraha.com\/wp-content\/uploads\/2025\/08\/qtq80-q73KsI-840x560.jpeg 840w, https:\/\/purelifepraha.com\/wp-content\/uploads\/2025\/08\/qtq80-q73KsI-410x273.jpeg 410w\" sizes=\"(max-width: 2160px) 100vw, 2160px\" \/>\t\t\t\t\t\t\t\t\t\t\t\t\t\t\t<\/div>\n\t\t\t\t<\/div>\n\t\t\t\t<div class=\"elementor-element elementor-element-7400b6f sc_fly_static elementor-widget elementor-widget-spacer\" data-id=\"7400b6f\" data-element_type=\"widget\" data-e-type=\"widget\" data-widget_type=\"spacer.default\">\n\t\t\t\t<div class=\"elementor-widget-container\">\n\t\t\t\t\t\t\t<div class=\"elementor-spacer\">\n\t\t\t<div class=\"elementor-spacer-inner\"><\/div>\n\t\t<\/div>\n\t\t\t\t\t\t<\/div>\n\t\t\t\t<\/div>\n\t\t\t\t\t<\/div>\n\t\t<\/div>\n\t\t\t\t\t<\/div>\n\t\t<\/section>\n\t\t\t\t<div data-animation-type=\"block\" class=\"elementor-element elementor-element-ac563fb animation_type_block sc_fly_static elementor-invisible elementor-widget elementor-widget-heading\" data-id=\"ac563fb\" data-element_type=\"widget\" data-e-type=\"widget\" data-settings=\"{&quot;_animation&quot;:&quot;fadeIn&quot;}\" data-widget_type=\"heading.default\">\n\t\t\t\t<div class=\"elementor-widget-container\">\n\t\t\t\t\t<h4 class=\"elementor-heading-title elementor-size-default\">\ud83d\udcc5 Brzy k dispozici\u2026\nSledujte n\u00e1s pro informace o term\u00ednech a registraci!\n<\/h4>\t\t\t\t<\/div>\n\t\t\t\t<\/div>\n\t\t\t\t<div class=\"elementor-element elementor-element-f260695 sc_fly_static elementor-widget elementor-widget-spacer\" data-id=\"f260695\" data-element_type=\"widget\" data-e-type=\"widget\" data-widget_type=\"spacer.default\">\n\t\t\t\t<div class=\"elementor-widget-container\">\n\t\t\t\t\t\t\t<div class=\"elementor-spacer\">\n\t\t\t<div class=\"elementor-spacer-inner\"><\/div>\n\t\t<\/div>\n\t\t\t\t\t\t<\/div>\n\t\t\t\t<\/div>\n\t\t\t\t\t<\/div>\n\t\t<\/div>\n\t\t\t\t\t<\/div>\n\t\t<\/section>\n\t\t\t\t<\/div>","protected":false},"excerpt":{"rendered":"<p>Explore Ideas That Inspire Growth and Wellbeing More info We would like to introduce our upcoming Book Reading Sessions \u2014 a space to reflect, share, and grow through the knowledge&hellip;<\/p>","protected":false},"author":1,"featured_media":0,"parent":7516,"menu_order":1,"comment_status":"closed","ping_status":"closed","template":"","meta":{"om_disable_all_campaigns":false,"wprm-recipe-roundup-name":"","wprm-recipe-roundup-description":"","_monsterinsights_skip_tracking":false,"_monsterinsights_sitenote_active":false,"_monsterinsights_sitenote_note":"","_monsterinsights_sitenote_category":0,"footnotes":""},"class_list":["post-12161","page","type-page","status-publish","hentry"],"aioseo_notices":[],"_links":{"self":[{"href":"https:\/\/purelifepraha.com\/cs\/wp-json\/wp\/v2\/pages\/12161","targetHints":{"allow":["GET"]}}],"collection":[{"href":"https:\/\/purelifepraha.com\/cs\/wp-json\/wp\/v2\/pages"}],"about":[{"href":"https:\/\/purelifepraha.com\/cs\/wp-json\/wp\/v2\/types\/page"}],"author":[{"embeddable":true,"href":"https:\/\/purelifepraha.com\/cs\/wp-json\/wp\/v2\/users\/1"}],"replies":[{"embeddable":true,"href":"https:\/\/purelifepraha.com\/cs\/wp-json\/wp\/v2\/comments?post=12161"}],"version-history":[{"count":36,"href":"https:\/\/purelifepraha.com\/cs\/wp-json\/wp\/v2\/pages\/12161\/revisions"}],"predecessor-version":[{"id":37363,"href":"https:\/\/purelifepraha.com\/cs\/wp-json\/wp\/v2\/pages\/12161\/revisions\/37363"}],"up":[{"embeddable":true,"href":"https:\/\/purelifepraha.com\/cs\/wp-json\/wp\/v2\/pages\/7516"}],"wp:attachment":[{"href":"https:\/\/purelifepraha.com\/cs\/wp-json\/wp\/v2\/media?parent=12161"}],"curies":[{"name":"wp","href":"https:\/\/api.w.org\/{rel}","templated":true}]}}