{"id":12022,"date":"2024-11-20T20:45:21","date_gmt":"2024-11-20T20:45:21","guid":{"rendered":"https:\/\/purelifepraha.com\/?post_type=product&amp;p=12022"},"modified":"2024-11-20T20:45:21","modified_gmt":"2024-11-20T20:45:21","slug":"lavender-shampoo-naturinka","status":"publish","type":"product","link":"https:\/\/purelifepraha.com\/cs\/produkt\/lavender-shampoo-naturinka\/","title":{"rendered":"Lavender shampoo &#8211; Naturinka"},"content":{"rendered":"<p><strong>DERMATOLOGICALLY TESTED<\/strong><\/p>\n<p>For normal to oily hair | Try it first with dyed hair. The product is <em><strong>vegan without alcohol<\/strong><\/em>.<\/p>\n<p><img decoding=\"async\" class=\"wp-image-12029 alignleft\" src=\"https:\/\/purelifepraha.com\/wp-content\/uploads\/2024\/11\/VeganTM-327C-mala.jpg\" alt=\"Vegan\" width=\"73\" height=\"73\" srcset=\"https:\/\/purelifepraha.com\/wp-content\/uploads\/2024\/11\/VeganTM-327C-mala.jpg 200w, https:\/\/purelifepraha.com\/wp-content\/uploads\/2024\/11\/VeganTM-327C-mala-150x150.jpg 150w, https:\/\/purelifepraha.com\/wp-content\/uploads\/2024\/11\/VeganTM-327C-mala-12x12.jpg 12w, https:\/\/purelifepraha.com\/wp-content\/uploads\/2024\/11\/VeganTM-327C-mala-120x120.jpg 120w\" sizes=\"(max-width: 73px) 100vw, 73px\" \/><\/p>\n<p><img decoding=\"async\" class=\"wp-image-12030 alignleft\" src=\"https:\/\/purelifepraha.com\/wp-content\/uploads\/2024\/11\/alkohol-cz2.png\" alt=\"without alcohol\" width=\"78\" height=\"78\" srcset=\"https:\/\/purelifepraha.com\/wp-content\/uploads\/2024\/11\/alkohol-cz2.png 100w, https:\/\/purelifepraha.com\/wp-content\/uploads\/2024\/11\/alkohol-cz2-12x12.png 12w\" sizes=\"(max-width: 78px) 100vw, 78px\" \/><\/p>\n<p>&nbsp;<\/p>\n<p>&nbsp;<\/p>\n<p>&nbsp;<\/p>\n<p><strong>Aroma:\u00a0\u00a0<\/strong>\u00a0Herbal and richly floral<\/p>\n<p><em><span class=\"zelena25\"><strong>How to use:<\/strong>\u00a0\u00a0Shampoo wet hair directly on the head with a shampoo cube, create a creamy foam, massage and rinse. Avoid contact with eyes, but in case of contact, rinse with water. Conditioner? There is no need.\u00a0In some cases, especially with dyed hair, it is advisable to use lemon \/ apple cider vinegar water, diluted in a ratio of 1:1, for rinsing.<\/span><\/em><\/p>\n<p>For everyday use.<br \/>\nStore in a dry place.<br \/>\n50\/110 g \u00b1 10% depending on the ripening time<br \/>\nMade by the traditional cold method.<\/p>\n<p><strong>Ingredients:<\/strong>\u00a0Olea Europaea Fruit Oil, Cocos Nucifera Oil, Water, Sodium Hydroxide, Butyrospermum Parkii Butter, Common Castor Seed Oil, Lavandula Angustifolia Oil, Tocopheryl Acetate, Rosmarinus Officinalis Leaf Extract, Helianthus Annuus Seed Oil, Linalool* (*sou\u010d\u00e1st esencialn\u00edho olej)<\/p>\n<p><strong>Ingredients:<\/strong>\u00a0saponified olive, coconut and castor oil and shea butter, lavender essential oil, natural vitamin E obtained from sunflower oil (antioxidant), natural rosemary extract CO2 from leaves (preservative), linalool* (*component of essential oil)<\/p>\n<p><strong><span class=\"red\"><span class=\"zelena25\">CONTAINS ONLY NATURAL PRODUCTS.<\/span><\/span><\/strong><\/p>","protected":false},"excerpt":{"rendered":"<p>DERMATOLOGICALLY TESTED For normal to oily hair | Try it first with dyed hair. The product is vegan without alcohol. &nbsp; &nbsp; &nbsp; Aroma:\u00a0\u00a0\u00a0Herbal and richly floral How to use:\u00a0\u00a0Shampoo&hellip;<\/p>","protected":false},"featured_media":12023,"comment_status":"open","ping_status":"closed","template":"","meta":{"om_disable_all_campaigns":false,"wprm-recipe-roundup-name":"","wprm-recipe-roundup-description":"","_monsterinsights_skip_tracking":false,"_monsterinsights_sitenote_active":false,"_monsterinsights_sitenote_note":"","_monsterinsights_sitenote_category":0},"product_brand":[],"product_cat":[310],"product_tag":[],"class_list":{"0":"post-12022","1":"product","2":"type-product","3":"status-publish","4":"has-post-thumbnail","6":"product_cat-cosmetics","8":"first","9":"instock","10":"shipping-taxable","11":"purchasable","12":"product-type-simple"},"aioseo_notices":[],"_links":{"self":[{"href":"https:\/\/purelifepraha.com\/cs\/wp-json\/wp\/v2\/product\/12022","targetHints":{"allow":["GET"]}}],"collection":[{"href":"https:\/\/purelifepraha.com\/cs\/wp-json\/wp\/v2\/product"}],"about":[{"href":"https:\/\/purelifepraha.com\/cs\/wp-json\/wp\/v2\/types\/product"}],"replies":[{"embeddable":true,"href":"https:\/\/purelifepraha.com\/cs\/wp-json\/wp\/v2\/comments?post=12022"}],"wp:featuredmedia":[{"embeddable":true,"href":"https:\/\/purelifepraha.com\/cs\/wp-json\/wp\/v2\/media\/12023"}],"wp:attachment":[{"href":"https:\/\/purelifepraha.com\/cs\/wp-json\/wp\/v2\/media?parent=12022"}],"wp:term":[{"taxonomy":"product_brand","embeddable":true,"href":"https:\/\/purelifepraha.com\/cs\/wp-json\/wp\/v2\/product_brand?post=12022"},{"taxonomy":"product_cat","embeddable":true,"href":"https:\/\/purelifepraha.com\/cs\/wp-json\/wp\/v2\/product_cat?post=12022"},{"taxonomy":"product_tag","embeddable":true,"href":"https:\/\/purelifepraha.com\/cs\/wp-json\/wp\/v2\/product_tag?post=12022"}],"curies":[{"name":"wp","href":"https:\/\/api.w.org\/{rel}","templated":true}]}}