{"id":12024,"date":"2024-11-20T20:45:52","date_gmt":"2024-11-20T20:45:52","guid":{"rendered":"https:\/\/purelifepraha.com\/?post_type=product&amp;p=12024"},"modified":"2024-11-20T20:45:52","modified_gmt":"2024-11-20T20:45:52","slug":"tea-tree-soap-naturinka","status":"publish","type":"product","link":"https:\/\/purelifepraha.com\/cs\/produkt\/tea-tree-soap-naturinka\/","title":{"rendered":"Tea tree soap &#8211; Naturinka"},"content":{"rendered":"<p>Special soap | It has proven itself in the care of dermatologically burdened skin. The product is <em><strong>vegan without alcohol<\/strong><\/em>.<\/p>\n<p><img decoding=\"async\" class=\"wp-image-12029 alignleft\" src=\"https:\/\/purelifepraha.com\/wp-content\/uploads\/2024\/11\/VeganTM-327C-mala.jpg\" alt=\"Vegan\" width=\"73\" height=\"73\" srcset=\"https:\/\/purelifepraha.com\/wp-content\/uploads\/2024\/11\/VeganTM-327C-mala.jpg 200w, https:\/\/purelifepraha.com\/wp-content\/uploads\/2024\/11\/VeganTM-327C-mala-150x150.jpg 150w, https:\/\/purelifepraha.com\/wp-content\/uploads\/2024\/11\/VeganTM-327C-mala-12x12.jpg 12w, https:\/\/purelifepraha.com\/wp-content\/uploads\/2024\/11\/VeganTM-327C-mala-120x120.jpg 120w\" sizes=\"(max-width: 73px) 100vw, 73px\" \/><\/p>\n<p><img decoding=\"async\" class=\"wp-image-12030 alignleft\" src=\"https:\/\/purelifepraha.com\/wp-content\/uploads\/2024\/11\/alkohol-cz2.png\" alt=\"without alcohol\" width=\"78\" height=\"78\" srcset=\"https:\/\/purelifepraha.com\/wp-content\/uploads\/2024\/11\/alkohol-cz2.png 100w, https:\/\/purelifepraha.com\/wp-content\/uploads\/2024\/11\/alkohol-cz2-12x12.png 12w\" sizes=\"(max-width: 78px) 100vw, 78px\" \/><\/p>\n<p>&nbsp;<\/p>\n<p>&nbsp;<\/p>\n<p>&nbsp;<\/p>\n<p><strong>Main active substances:<\/strong><\/p>\n<ul>\n<li><strong>Tea tree oil<\/strong>\u00a0\u00a0&#8211; research shows that tea tree oil can have a surface effect against\u00a0\u00a0<a title=\"Virus\" href=\"https:\/\/cs.wikipedia.org\/wiki\/Virus\">viruses<\/a>, is considered a powerful\u00a0\u00a0<a title=\"Antiseptic\" href=\"https:\/\/cs.wikipedia.org\/wiki\/Antiseptikum\">antiseptic<\/a>\u00a0, is effective against the bacteria\u00a0\u00a0<em><a title=\"Staphylococcus aureus\" href=\"https:\/\/cs.wikipedia.org\/wiki\/Staphylococcus_aureus\">Staphylococcus aureus<\/a>\u00a0\u00a0and is\u00a0<\/em>\u00a0also known as\u00a0\u00a0<a title=\"Antimycotic\" href=\"https:\/\/cs.wikipedia.org\/wiki\/Antimykotikum\">an antifungal<\/a><\/li>\n<li><strong>Shea butter<\/strong>\u00a0\u00a0&#8211; smooths and softens dry and chapped skin and provides nourishment to all skin and complexion types.<\/li>\n<li><strong>Smell: <\/strong>\u00a0Distinctly fresh<\/li>\n<\/ul>\n<p><em class=\"zelena25\"><strong>How to use:<\/strong>\u00a0Lather wet skin with soap and rinse. In case of contact with the eyes and nasal or oral cavity, rinse with clean water.<\/em><\/p>\n<p>For everyday use.<br \/>\nStore in a dry place.<br \/>\n50\/110\/210 g \u00b1 10% depending on the ripening time.<br \/>\nMade by the traditional cold method.<\/p>\n<p><strong>Ingredients:<\/strong>\u00a0Cocos Nucifera Oil, Aqua, Olea Europaea Fruit Oil, Sodium Hydroxide, Ricinus Communis Seed Oil, Butyrospermum Parkii Butter, Melaleuca Alternifolia Leaf Oil, Tocopheryl Acetate, Rosmarinus Officinalis Leaf Extract, Helianthus Annuus Seed Oil, Limonene* (*sou\u010d\u00e1st esenci\u00e1ln\u00edho oleje)<\/p>\n<p><strong>Ingredients:\u00a0<\/strong>\u00a0saponified coconut, olive and castor oil and shea butter, tea tree essential oil, natural vitamin E obtained from sunflower oil (antioxidant), natural rosemary extract CO2 from leaves (preservative), limonene* (*part of essential oil)<\/p>\n<p><strong><span class=\"red\"><span class=\"zelena25\">CONTAINS ONLY NATURAL PRODUCTS.<br \/>\n<\/span><\/span><\/strong><\/p>\n<div><\/div>","protected":false},"excerpt":{"rendered":"<p>Special soap | It has proven itself in the care of dermatologically burdened skin. The product is vegan without alcohol. &nbsp; &nbsp; &nbsp; Main active substances: Tea tree oil\u00a0\u00a0&#8211; research&hellip;<\/p>","protected":false},"featured_media":12025,"comment_status":"open","ping_status":"closed","template":"","meta":{"om_disable_all_campaigns":false,"wprm-recipe-roundup-name":"","wprm-recipe-roundup-description":"","_monsterinsights_skip_tracking":false,"_monsterinsights_sitenote_active":false,"_monsterinsights_sitenote_note":"","_monsterinsights_sitenote_category":0},"product_brand":[],"product_cat":[310],"product_tag":[],"class_list":{"0":"post-12024","1":"product","2":"type-product","3":"status-publish","4":"has-post-thumbnail","6":"product_cat-cosmetics","8":"first","9":"instock","10":"shipping-taxable","11":"purchasable","12":"product-type-simple"},"aioseo_notices":[],"_links":{"self":[{"href":"https:\/\/purelifepraha.com\/cs\/wp-json\/wp\/v2\/product\/12024","targetHints":{"allow":["GET"]}}],"collection":[{"href":"https:\/\/purelifepraha.com\/cs\/wp-json\/wp\/v2\/product"}],"about":[{"href":"https:\/\/purelifepraha.com\/cs\/wp-json\/wp\/v2\/types\/product"}],"replies":[{"embeddable":true,"href":"https:\/\/purelifepraha.com\/cs\/wp-json\/wp\/v2\/comments?post=12024"}],"wp:featuredmedia":[{"embeddable":true,"href":"https:\/\/purelifepraha.com\/cs\/wp-json\/wp\/v2\/media\/12025"}],"wp:attachment":[{"href":"https:\/\/purelifepraha.com\/cs\/wp-json\/wp\/v2\/media?parent=12024"}],"wp:term":[{"taxonomy":"product_brand","embeddable":true,"href":"https:\/\/purelifepraha.com\/cs\/wp-json\/wp\/v2\/product_brand?post=12024"},{"taxonomy":"product_cat","embeddable":true,"href":"https:\/\/purelifepraha.com\/cs\/wp-json\/wp\/v2\/product_cat?post=12024"},{"taxonomy":"product_tag","embeddable":true,"href":"https:\/\/purelifepraha.com\/cs\/wp-json\/wp\/v2\/product_tag?post=12024"}],"curies":[{"name":"wp","href":"https:\/\/api.w.org\/{rel}","templated":true}]}}