{"id":12100,"date":"2025-06-02T10:11:44","date_gmt":"2025-06-02T10:11:44","guid":{"rendered":"https:\/\/purelifepraha.com\/?post_type=product&#038;p=12100"},"modified":"2026-03-19T19:12:38","modified_gmt":"2026-03-19T19:12:38","slug":"forestry-garden-white-tea-autumn-2022","status":"publish","type":"product","link":"https:\/\/purelifepraha.com\/cs\/produkt\/forestry-garden-white-tea-autumn-2022\/","title":{"rendered":"Forestry garden white tea &#8211; Autumn 2022"},"content":{"rendered":"<details>\n<summary><b>Details<\/b><\/summary>\n<section class=\"elementor-section elementor-top-section elementor-element elementor-element-164f361 elementor-section-boxed elementor-section-height-default elementor-section-height-default\" data-dce-background-overlay-color=\"#1e2c51\" data-id=\"164f361\" data-element_type=\"section\" data-settings=\"{&quot;_ha_eqh_enable&quot;:false}\">\n<div class=\"elementor-container elementor-column-gap-default\">\n<div class=\"elementor-column elementor-col-100 elementor-top-column elementor-element elementor-element-5885111\" data-id=\"5885111\" data-element_type=\"column\">\n<div class=\"elementor-widget-wrap elementor-element-populated\">\n<div class=\"elementor-element elementor-element-e7ec675 elementor-widget elementor-widget-heading\" data-id=\"e7ec675\" data-element_type=\"widget\" data-widget_type=\"heading.default\">\n<div class=\"elementor-widget-container\"><\/div>\n<\/div>\n<\/div>\n<\/div>\n<\/div>\n<\/section>\n<section class=\"elementor-section elementor-top-section elementor-element elementor-element-3c80621 elementor-section-boxed elementor-section-height-default elementor-section-height-default\" data-dce-background-overlay-color=\"#1e2c51\" data-id=\"3c80621\" data-element_type=\"section\" data-settings=\"{&quot;_ha_eqh_enable&quot;:false}\">\n<div>White tea from Nyot Ou Tea Cooperative, Laos.<\/div>\n<div>Its objective is to produce premium tea from this unique terroir through the use of agroecological practices, and to improve the livelihoods and well-being of producers, while ensuring the sustainable and ecological management of natural resources.<\/div>\n<div><\/div>\n<\/section>\n<div>\n<p><strong>Forest tea:<\/strong> wild or ancient tea trees that were not planted by the farmers, some of them up to 15 meters high. They are left to grow undisturbed in their natural state, only removing some dead branches or diseased parts.<\/p>\n<p><strong>Forestry garden tea:<\/strong> planted from seeds of those wild\/ancient trees following agroforestry principles. The tea trees are not cut to low bushes as is common elsewhere, but allowed to develop into tall arbor shapes with minimal trimming.<\/p>\n<\/div>\n<section class=\"elementor-section elementor-top-section elementor-element elementor-element-3c80621 elementor-section-boxed elementor-section-height-default elementor-section-height-default\" data-dce-background-overlay-color=\"#1e2c51\" data-id=\"3c80621\" data-element_type=\"section\" data-settings=\"{&quot;_ha_eqh_enable&quot;:false}\">\n<div>This white Tea is shade-withered and gently air-dried on bamboo baskets. It can be enjoyed young or matured in a clean, dark environment, at a relative humidity of about 50-70%.<\/div>\n<div><\/div>\n<div class=\"elementor-background-overlay\"><strong style=\"font-family: var(--global-body-font-family); letter-spacing: 0.3px;\">Villages:<\/strong><span style=\"font-family: var(--global-body-font-family); letter-spacing: 0.3px;\"> Ban Sehopene. Single village origin.<\/span><\/div>\n<div class=\"elementor-background-overlay\"><strong style=\"background-color: var(--theme-color-bg_color); color: var(--theme-color-text); font-family: var(--theme-font-p_font-family); font-size: var(--theme-font-p_font-size); font-style: var(--theme-font-p_font-style); letter-spacing: var(--theme-font-p_letter-spacing); text-transform: var(--theme-font-p_text-transform);\">Elevation:<\/strong><span style=\"background-color: var(--theme-color-bg_color); color: var(--theme-color-text); font-family: var(--theme-font-p_font-family); font-size: var(--theme-font-p_font-size); font-style: var(--theme-font-p_font-style); font-weight: var(--theme-font-p_font-weight); letter-spacing: var(--theme-font-p_letter-spacing); text-transform: var(--theme-font-p_text-transform);\"> 1000-1400 meters above sea level<\/span><\/div>\n<div class=\"elementor-background-overlay\"><strong style=\"background-color: var(--theme-color-bg_color); color: var(--theme-color-text); font-family: var(--theme-font-p_font-family); font-size: var(--theme-font-p_font-size); font-style: var(--theme-font-p_font-style); letter-spacing: var(--theme-font-p_letter-spacing); text-transform: var(--theme-font-p_text-transform);\">Origins:<\/strong><span style=\"background-color: var(--theme-color-bg_color); color: var(--theme-color-text); font-family: var(--theme-font-p_font-family); font-size: var(--theme-font-p_font-size); font-style: var(--theme-font-p_font-style); font-weight: var(--theme-font-p_font-weight); letter-spacing: var(--theme-font-p_letter-spacing); text-transform: var(--theme-font-p_text-transform);\"> Forestry garden<\/span><\/div>\n<div class=\"elementor-background-overlay\"><strong style=\"background-color: var(--theme-color-bg_color); color: var(--theme-color-text); font-family: var(--theme-font-p_font-family); font-size: var(--theme-font-p_font-size); font-style: var(--theme-font-p_font-style); letter-spacing: var(--theme-font-p_letter-spacing); text-transform: var(--theme-font-p_text-transform);\">Harvested and processed:<\/strong><span style=\"background-color: var(--theme-color-bg_color); color: var(--theme-color-text); font-family: var(--theme-font-p_font-family); font-size: var(--theme-font-p_font-size); font-style: var(--theme-font-p_font-style); font-weight: var(--theme-font-p_font-weight); letter-spacing: var(--theme-font-p_letter-spacing); text-transform: var(--theme-font-p_text-transform);\"> October 2022<\/span><\/div>\n<div class=\"elementor-background-overlay\"><\/div>\n<div class=\"elementor-container elementor-column-gap-default\">\n<div class=\"elementor-column elementor-col-50 elementor-top-column elementor-element elementor-element-6882781\" data-id=\"6882781\" data-element_type=\"column\">\n<div class=\"elementor-widget-wrap elementor-element-populated\">\n<div class=\"elementor-element elementor-element-6e8108a elementor-widget elementor-widget-text-editor\" data-id=\"6e8108a\" data-element_type=\"widget\" data-widget_type=\"text-editor.default\">\n<div class=\"elementor-widget-container\">\n<ul>\n<li>Source: nyotoutea<\/li>\n<\/ul>\n<p>&nbsp;<\/p>\n<\/div>\n<\/div>\n<\/div>\n<\/div>\n<\/div>\n<\/section>\n<\/details>\n<details>\n<summary><b>Tasting &amp; Brewing<\/b><\/summary>\n<h4><b>Chu\u0165ov\u00e9 pozn\u00e1mky<\/b><\/h4>\n<ul>\n<li data-start=\"1452\" data-end=\"1506\">\n<p data-start=\"248\" data-end=\"416\"><strong data-start=\"248\" data-end=\"258\">Aroma:<\/strong> Fresh and natural, with meadow-like florals, light citrus hints (lemon-like), and soft green notes<\/p>\n<\/li>\n<li data-start=\"1452\" data-end=\"1506\">\n<p data-start=\"248\" data-end=\"416\"><strong data-start=\"418\" data-end=\"429\">Liquor:<\/strong> Pale yellow to light golden, clear<\/p>\n<\/li>\n<li data-start=\"1452\" data-end=\"1506\">\n<p data-start=\"248\" data-end=\"416\"><strong data-start=\"489\" data-end=\"499\">Taste:<\/strong> Smooth, soft, and gently sweet with a rounded body. Notes of fresh meadow, young greens, and subtle fruitiness (lemon, light melon) are supported by a clean vegetal character and mild minerality<\/p>\n<\/li>\n<li data-start=\"1452\" data-end=\"1506\">\n<p data-start=\"248\" data-end=\"416\"><strong data-start=\"736\" data-end=\"751\">Aftertaste:<\/strong> Clean and lingering, with a returning sweetness and a light, refreshing, slightly herbal finish<\/p>\n<\/li>\n<\/ul>\n<h4><b>Pokyny k p\u0159\u00edprav\u011b<\/b><\/h4>\n<ul>\n<li data-start=\"1847\" data-end=\"1865\">\n<p data-start=\"886\" data-end=\"940\"><strong data-start=\"886\" data-end=\"902\">Gaiwan size:<\/strong> 100\u2013120 ml<\/p>\n<\/li>\n<li data-start=\"1847\" data-end=\"1865\">\n<p data-start=\"886\" data-end=\"940\"><strong data-start=\"916\" data-end=\"932\">Leaf amount:<\/strong> 4\u20135 g<\/p>\n<\/li>\n<li data-start=\"1847\" data-end=\"1865\">\n<p data-start=\"886\" data-end=\"940\"><strong data-start=\"942\" data-end=\"964\">Water temperature:<\/strong><\/p>\n<ul data-start=\"967\" data-end=\"1043\">\n<li data-section-id=\"v4w64y\" data-start=\"967\" data-end=\"1004\">\n<p data-start=\"969\" data-end=\"1004\">80\u201385 \u00b0C (lighter, more aromatic)<\/p>\n<\/li>\n<li data-section-id=\"1t37jvc\" data-start=\"1005\" data-end=\"1043\">\n<p data-start=\"1007\" data-end=\"1043\">85\u201390 \u00b0C (more body and sweetness)<\/p>\n<\/li>\n<\/ul>\n<\/li>\n<li data-start=\"1847\" data-end=\"1865\"><strong>Steps<\/strong>\n<ol data-start=\"1068\" data-end=\"1331\">\n<li data-section-id=\"xih2cd\" data-start=\"1093\" data-end=\"1126\">\n<p data-start=\"1096\" data-end=\"1126\"><strong data-start=\"1096\" data-end=\"1124\">Warm the gaiwan<\/strong><\/p>\n<\/li>\n<li data-section-id=\"xih2cd\" data-start=\"1093\" data-end=\"1126\">\n<p data-start=\"1096\" data-end=\"1126\"><strong data-start=\"1096\" data-end=\"1124\">Add leaves\u00a0<\/strong><\/p>\n<\/li>\n<li data-section-id=\"1q52c2f\" data-start=\"1127\" data-end=\"1212\">\n<p data-start=\"1130\" data-end=\"1170\"><strong data-start=\"1130\" data-end=\"1168\">Optional rinse (very quick, 3 sec)<\/strong><\/p>\n<ul data-start=\"1174\" data-end=\"1212\">\n<li data-section-id=\"a5b5sr\" data-start=\"1174\" data-end=\"1212\">\n<p data-start=\"1176\" data-end=\"1212\">Can skip for very delicate batches<\/p>\n<\/li>\n<\/ul>\n<\/li>\n<li data-section-id=\"1woakkh\" data-start=\"1213\" data-end=\"1331\">\n<p data-start=\"1216\" data-end=\"1232\"><strong data-start=\"1216\" data-end=\"1230\">Infusions:<\/strong><\/p>\n<ul data-start=\"1236\" data-end=\"1331\">\n<li data-section-id=\"22fm5g\" data-start=\"1236\" data-end=\"1254\">\n<p data-start=\"1238\" data-end=\"1254\">1st: 15\u201320 sec<\/p>\n<\/li>\n<li data-section-id=\"1tnvdyh\" data-start=\"1258\" data-end=\"1276\">\n<p data-start=\"1260\" data-end=\"1276\">2nd: 20\u201325 sec<\/p>\n<\/li>\n<li data-section-id=\"5265e8\" data-start=\"1280\" data-end=\"1298\">\n<p data-start=\"1282\" data-end=\"1298\">3rd: 25\u201335 sec<\/p>\n<\/li>\n<li data-section-id=\"9djhc5\" data-start=\"1302\" data-end=\"1331\">\n<p data-start=\"1304\" data-end=\"1331\">Later: increase gradually<\/p>\n<\/li>\n<\/ul>\n<\/li>\n<\/ol>\n<p data-start=\"1333\" data-end=\"1354\"><strong data-start=\"1333\" data-end=\"1347\">Infusions:<\/strong> 6-8 infusions<\/p>\n<\/li>\n<\/ul>\n<\/details>\n<details>\n<summary><b>European Quality<\/b><\/summary>\n<p><strong>Our Commitment to European Quality<\/strong><br \/>\nThis tea is produced and packaged in full compliance with European Union food safety and quality standards.<\/p>\n<\/details>","protected":false},"excerpt":{"rendered":"<p>Details White tea from Nyot Ou Tea Cooperative, Laos. Its objective is to produce premium tea from this unique terroir through the use of agroecological practices, and to improve the&hellip;<\/p>","protected":false},"featured_media":12101,"comment_status":"open","ping_status":"closed","template":"","meta":{"om_disable_all_campaigns":false,"wprm-recipe-roundup-name":"","wprm-recipe-roundup-description":"","_monsterinsights_skip_tracking":false,"_monsterinsights_sitenote_active":false,"_monsterinsights_sitenote_note":"","_monsterinsights_sitenote_category":0},"product_brand":[318],"product_cat":[317],"product_tag":[319,320],"class_list":{"0":"post-12100","1":"product","2":"type-product","3":"status-publish","4":"has-post-thumbnail","6":"product_brand-nyotou-tea","7":"product_cat-tea","8":"product_tag-tea","9":"product_tag-white-tea","11":"first","12":"instock","13":"shipping-taxable","14":"purchasable","15":"product-type-simple"},"aioseo_notices":[],"_links":{"self":[{"href":"https:\/\/purelifepraha.com\/cs\/wp-json\/wp\/v2\/product\/12100","targetHints":{"allow":["GET"]}}],"collection":[{"href":"https:\/\/purelifepraha.com\/cs\/wp-json\/wp\/v2\/product"}],"about":[{"href":"https:\/\/purelifepraha.com\/cs\/wp-json\/wp\/v2\/types\/product"}],"replies":[{"embeddable":true,"href":"https:\/\/purelifepraha.com\/cs\/wp-json\/wp\/v2\/comments?post=12100"}],"wp:featuredmedia":[{"embeddable":true,"href":"https:\/\/purelifepraha.com\/cs\/wp-json\/wp\/v2\/media\/12101"}],"wp:attachment":[{"href":"https:\/\/purelifepraha.com\/cs\/wp-json\/wp\/v2\/media?parent=12100"}],"wp:term":[{"taxonomy":"product_brand","embeddable":true,"href":"https:\/\/purelifepraha.com\/cs\/wp-json\/wp\/v2\/product_brand?post=12100"},{"taxonomy":"product_cat","embeddable":true,"href":"https:\/\/purelifepraha.com\/cs\/wp-json\/wp\/v2\/product_cat?post=12100"},{"taxonomy":"product_tag","embeddable":true,"href":"https:\/\/purelifepraha.com\/cs\/wp-json\/wp\/v2\/product_tag?post=12100"}],"curies":[{"name":"wp","href":"https:\/\/api.w.org\/{rel}","templated":true}]}}