{"id":12287,"date":"2025-08-18T09:38:11","date_gmt":"2025-08-18T09:38:11","guid":{"rendered":"https:\/\/purelifepraha.com\/?post_type=product&#038;p=12287"},"modified":"2026-03-19T18:44:58","modified_gmt":"2026-03-19T18:44:58","slug":"song-zhong-tea","status":"publish","type":"product","link":"https:\/\/purelifepraha.com\/cs\/produkt\/song-zhong-tea\/","title":{"rendered":"Phoenix dancong, Song Zhong | Oolong tea"},"content":{"rendered":"<details>\n<summary><b>Details<\/b><\/summary>\n<p class=\"p1\">It gives a fresh, gentle and bright floral aroma followed by natural fruity notes that make you think of the colour orange. The infusion is silky, sweet and smooth and has a good mouthfeel. Song Zhong is a representative of the lighter, less roasted \u2018phoenixes\u2019 in our offer. Orange infusion of sweet fruity aroma with a harmony of sweetness and subtle bitterness, fresh sweet, delicate and juicy pure fruity taste, sweet long-lasting aftertaste and pleasantly invigorating effect. The tea can easily last over 12 infusions.<\/p>\n<p class=\"p1\">The tea comes from a selected small-scale production from the higher elevations of Wu Dong Shan. Completely manual processing is a matter of course, as is careful traditional roasting \u2013 a very essential step in the processing of oolongs, which requires a lot of skill and experience.<\/p>\n<ul data-start=\"1574\" data-end=\"1737\">\n<li data-start=\"1574\" data-end=\"1610\">\n<p data-start=\"1576\" data-end=\"1610\"><strong data-start=\"1576\" data-end=\"1589\">Cultivar:<\/strong> 1000 m.n.m, Wu Dong Shan<\/p>\n<\/li>\n<li data-start=\"1574\" data-end=\"1610\">\n<p data-start=\"1576\" data-end=\"1610\"><strong style=\"font-family: var(--global-body-font-family); letter-spacing: 0.3px;\" data-start=\"1613\" data-end=\"1624\">P\u016fvod:<\/strong><span style=\"font-family: var(--global-body-font-family); letter-spacing: 0.3px;\"> Guangdong, China<\/span><\/p>\n<\/li>\n<li data-start=\"1652\" data-end=\"1692\">\n<p data-start=\"1654\" data-end=\"1692\"><strong data-start=\"1654\" data-end=\"1666\">Harvest:<\/strong> Spring 2023<\/p>\n<\/li>\n<li data-start=\"1652\" data-end=\"1692\"><strong>Hmotnost<\/strong>: 8g \/ 12 g (if you are interested in purchasing more than 10 grams, please contact us for pricing)<br \/>\n<section class=\"related products\"><\/section>\n<\/li>\n<\/ul>\n<\/details>\n<details>\n<summary><b>Tasting &amp; Brewing<\/b><\/summary>\n<h4><b>Chu\u0165ov\u00e9 pozn\u00e1mky<\/b><\/h4>\n<ul>\n<li data-start=\"1452\" data-end=\"1506\">\n<p data-start=\"108\" data-end=\"241\"><strong data-start=\"108\" data-end=\"118\">Aroma:<\/strong> Elegant and expressive, with floral notes (orchid-like), hints of honey, ripe stone fruit, and a light mineral freshness<\/p>\n<\/li>\n<li data-start=\"1452\" data-end=\"1506\">\n<p data-start=\"108\" data-end=\"241\"><strong data-start=\"243\" data-end=\"254\">Liquor:<\/strong> Clear, golden to amber, bright and luminous<\/p>\n<\/li>\n<li data-start=\"1452\" data-end=\"1506\">\n<p data-start=\"108\" data-end=\"241\"><strong data-start=\"302\" data-end=\"312\">Taste:<\/strong> Smooth and layered, with a refined balance of floral sweetness, fruity notes (apricot, peach), and a gentle roasted nuance. A soft mineral backbone adds structure, while the overall profile remains lively and elegant<\/p>\n<\/li>\n<li data-start=\"1452\" data-end=\"1506\">\n<p data-start=\"108\" data-end=\"241\"><strong data-start=\"533\" data-end=\"548\">Aftertaste:<\/strong> Long and fragrant, with a returning sweetness (<em data-start=\"596\" data-end=\"605\">hui gan<\/em>) and lingering floral notes that softly echo on the palate<\/p>\n<\/li>\n<\/ul>\n<h4><b>Pokyny k p\u0159\u00edprav\u011b<\/b><\/h4>\n<ul>\n<li data-start=\"1847\" data-end=\"1865\">\n<p data-start=\"1849\" data-end=\"1865\"><strong data-start=\"1849\" data-end=\"1857\">Mno\u017estv\u00ed \u010daje:<\/strong> 5 g<\/p>\n<\/li>\n<li data-start=\"1866\" data-end=\"1887\">\n<p data-start=\"1868\" data-end=\"1887\"><strong data-start=\"1868\" data-end=\"1878\">Water volume:<\/strong> 100 ml &#8211; 120 ml<\/p>\n<\/li>\n<li data-start=\"1888\" data-end=\"1917\">\n<p data-start=\"1890\" data-end=\"1917\"><strong data-start=\"1890\" data-end=\"1906\">Water Temperature: <\/strong><span style=\"background-color: var(--theme-color-bg_color); color: var(--theme-color-text); font-family: var(--theme-font-p_font-family); font-size: var(--theme-font-p_font-size); font-style: var(--theme-font-p_font-style); font-weight: var(--theme-font-p_font-weight); letter-spacing: var(--theme-font-p_letter-spacing); text-transform: var(--theme-font-p_text-transform);\">90\u201395 \u00b0C (slightly below boiling)<\/span><\/p>\n<\/li>\n<li data-start=\"1888\" data-end=\"1917\">\n<p data-start=\"1890\" data-end=\"1917\"><strong>Steeping time:<\/strong><\/p>\n<ol data-start=\"348\" data-end=\"760\">\n<li data-section-id=\"1c4dsn1\" data-start=\"348\" data-end=\"425\">\n<p data-start=\"351\" data-end=\"372\"><strong data-start=\"351\" data-end=\"370\">Warm the gaiwan<\/strong><\/p>\n<ul data-start=\"376\" data-end=\"425\">\n<li data-section-id=\"fxnvrj\" data-start=\"376\" data-end=\"425\">\n<p data-start=\"378\" data-end=\"425\">Rinse with hot water to stabilize the temperature<\/p>\n<\/li>\n<\/ul>\n<\/li>\n<li data-section-id=\"1erk9d3\" data-start=\"536\" data-end=\"616\">\n<p data-start=\"539\" data-end=\"583\"><strong data-start=\"539\" data-end=\"581\">Quick rinse (optional but recommended)<\/strong><\/p>\n<ul data-start=\"587\" data-end=\"616\">\n<li data-section-id=\"lu22gf\" data-start=\"587\" data-end=\"616\">\n<p data-start=\"589\" data-end=\"616\">3\u20135 seconds, then discard<\/p>\n<\/li>\n<\/ul>\n<\/li>\n<li data-section-id=\"omy58v\" data-start=\"618\" data-end=\"760\">\n<p data-start=\"621\" data-end=\"637\"><strong data-start=\"621\" data-end=\"635\">Infusions:<\/strong><\/p>\n<ul data-start=\"641\" data-end=\"760\">\n<li data-section-id=\"19rd257\" data-start=\"641\" data-end=\"658\">\n<p data-start=\"643\" data-end=\"658\">1st: 8\u201310 sec<\/p>\n<\/li>\n<li data-section-id=\"1ikb41j\" data-start=\"662\" data-end=\"679\">\n<p data-start=\"664\" data-end=\"679\">2nd: 8\u201312 sec<\/p>\n<\/li>\n<li data-section-id=\"jexq7q\" data-start=\"683\" data-end=\"701\">\n<p data-start=\"685\" data-end=\"701\">3rd: 12\u201315 sec<\/p>\n<\/li>\n<li data-section-id=\"1v3qeau\" data-start=\"705\" data-end=\"727\">\n<p data-start=\"707\" data-end=\"727\">4th\u20136th: 15\u201325 sec<\/p>\n<\/li>\n<li data-section-id=\"x3x4f9\" data-start=\"731\" data-end=\"760\">\n<p data-start=\"733\" data-end=\"760\">Later: gradually increase<\/p>\n<\/li>\n<\/ul>\n<\/li>\n<\/ol>\n<p data-start=\"762\" data-end=\"794\"><strong data-start=\"762\" data-end=\"786\">Number of infusions:<\/strong> 8\u201310+<\/p>\n<\/li>\n<\/ul>\n<\/details>\n<details>\n<summary><b>European Quality<\/b><\/summary>\n<p><strong>Our Commitment to European Quality<\/strong><br \/>\nThis tea is produced and packaged in full compliance with European Union food safety and quality standards.<\/p>\n<\/details>","protected":false},"excerpt":{"rendered":"<p data-start=\"2025\" data-end=\"2215\">Phoenix dancong, Song Zhong | Oolong tea. The tea comes from a selected small scale production from the higher elevations of Wu Dong Shan<\/p>","protected":false},"featured_media":12294,"comment_status":"open","ping_status":"closed","template":"","meta":{"om_disable_all_campaigns":false,"wprm-recipe-roundup-name":"","wprm-recipe-roundup-description":"","_monsterinsights_skip_tracking":false,"_monsterinsights_sitenote_active":false,"_monsterinsights_sitenote_note":"","_monsterinsights_sitenote_category":0},"product_brand":[],"product_cat":[317],"product_tag":[],"class_list":{"0":"post-12287","1":"product","2":"type-product","3":"status-publish","4":"has-post-thumbnail","6":"product_cat-tea","8":"first","9":"instock","10":"shipping-taxable","11":"purchasable","12":"product-type-variable"},"aioseo_notices":[],"_links":{"self":[{"href":"https:\/\/purelifepraha.com\/cs\/wp-json\/wp\/v2\/product\/12287","targetHints":{"allow":["GET"]}}],"collection":[{"href":"https:\/\/purelifepraha.com\/cs\/wp-json\/wp\/v2\/product"}],"about":[{"href":"https:\/\/purelifepraha.com\/cs\/wp-json\/wp\/v2\/types\/product"}],"replies":[{"embeddable":true,"href":"https:\/\/purelifepraha.com\/cs\/wp-json\/wp\/v2\/comments?post=12287"}],"wp:featuredmedia":[{"embeddable":true,"href":"https:\/\/purelifepraha.com\/cs\/wp-json\/wp\/v2\/media\/12294"}],"wp:attachment":[{"href":"https:\/\/purelifepraha.com\/cs\/wp-json\/wp\/v2\/media?parent=12287"}],"wp:term":[{"taxonomy":"product_brand","embeddable":true,"href":"https:\/\/purelifepraha.com\/cs\/wp-json\/wp\/v2\/product_brand?post=12287"},{"taxonomy":"product_cat","embeddable":true,"href":"https:\/\/purelifepraha.com\/cs\/wp-json\/wp\/v2\/product_cat?post=12287"},{"taxonomy":"product_tag","embeddable":true,"href":"https:\/\/purelifepraha.com\/cs\/wp-json\/wp\/v2\/product_tag?post=12287"}],"curies":[{"name":"wp","href":"https:\/\/api.w.org\/{rel}","templated":true}]}}