{"id":37745,"date":"2025-10-29T21:16:54","date_gmt":"2025-10-29T21:16:54","guid":{"rendered":"https:\/\/purelifepraha.com\/?post_type=product&#038;p=37745"},"modified":"2026-03-19T18:22:24","modified_gmt":"2026-03-19T18:22:24","slug":"sun-link-sea-oolong","status":"publish","type":"product","link":"https:\/\/purelifepraha.com\/cs\/produkt\/sun-link-sea-oolong\/","title":{"rendered":"Sun Link Sea \u2013 Oolong"},"content":{"rendered":"<details>\n<summary><b>Popis<\/b><\/summary>\n<p data-start=\"304\" data-end=\"781\">P\u011bstov\u00e1no v nadmo\u0159sk\u00e9 v\u00fd\u0161ce <strong data-start=\"326\" data-end=\"348\">1000 meters<\/strong> v mlhav\u00fdch hor\u00e1ch <strong data-start=\"375\" data-end=\"403\">Shanlinxi (Sun Link Sea)<\/strong> in central Taiwan, this <strong data-start=\"428\" data-end=\"461\">Oolong<\/strong> represents the delicate balance<\/p>\n<p><img fetchpriority=\"high\" decoding=\"async\" class=\"alignright wp-image-37751\" src=\"https:\/\/purelifepraha.com\/wp-content\/uploads\/2025\/10\/CA8D5154-B923-49E7-9BB1-A16681FCAA1B-200x300.png\" alt=\"oolong\" width=\"207\" height=\"311\" srcset=\"https:\/\/purelifepraha.com\/wp-content\/uploads\/2025\/10\/CA8D5154-B923-49E7-9BB1-A16681FCAA1B-200x300.png 200w, https:\/\/purelifepraha.com\/wp-content\/uploads\/2025\/10\/CA8D5154-B923-49E7-9BB1-A16681FCAA1B-400x600.png 400w, https:\/\/purelifepraha.com\/wp-content\/uploads\/2025\/10\/CA8D5154-B923-49E7-9BB1-A16681FCAA1B-683x1024.png 683w, https:\/\/purelifepraha.com\/wp-content\/uploads\/2025\/10\/CA8D5154-B923-49E7-9BB1-A16681FCAA1B-768x1152.png 768w, https:\/\/purelifepraha.com\/wp-content\/uploads\/2025\/10\/CA8D5154-B923-49E7-9BB1-A16681FCAA1B-8x12.png 8w, https:\/\/purelifepraha.com\/wp-content\/uploads\/2025\/10\/CA8D5154-B923-49E7-9BB1-A16681FCAA1B-370x555.png 370w, https:\/\/purelifepraha.com\/wp-content\/uploads\/2025\/10\/CA8D5154-B923-49E7-9BB1-A16681FCAA1B.png 1024w\" sizes=\"(max-width: 207px) 100vw, 207px\" \/><\/p>\n<p data-start=\"304\" data-end=\"781\">of nature and craftsmanship.<\/p>\n<p data-start=\"304\" data-end=\"781\">Chladn\u00e9 podneb\u00ed a \u010dast\u00e9 mlhy v t\u00e9to oblasti zpomaluj\u00ed r\u016fst list\u016f, \u010d\u00edm\u017e se v nich koncentruj\u00ed p\u0159\u00edrodn\u00ed cukry a aroma. Ru\u010dn\u011b sb\u00edran\u00fd a lehce oxidovan\u00fd \u010daj nab\u00edz\u00ed hladk\u00fd, kr\u00e9mov\u00fd chu\u0165ov\u00fd profil, kter\u00fd zachycuje sv\u011b\u017eest horsk\u00fdch oblast\u00ed.<\/p>\n<p data-start=\"682\" data-end=\"822\">Shanlinxi je proslul\u00fd v\u00fdrobou n\u011bkter\u00fdch z <strong data-start=\"726\" data-end=\"773\">nejrafinovan\u011bj\u0161\u00edch tchajwansk\u00fdch oolong\u016f<\/strong> \u010daj\u016f, kter\u00e9 zt\u011bles\u0148uj\u00ed \u010distotu, rovnov\u00e1hu a hloubku<\/p>\n<p style=\"text-align: left;\"><b>P\u016fvod:<\/b> Nantou xian, Taiwan<br \/>\n<b>Nadmo\u0159sk\u00e1 v\u00fd\u0161ka:<\/b> 1000 m<br \/>\n<b>Typ: <\/b>\u00a0Sun Link Sea \u2013 Shanlinxi Oolong (\u6749\u6797\u6eaa)<br \/>\n<b>Oxidace: <\/b>Lehk\u00e1 (15\u201325 %)<\/p>\n<\/details>\n<details>\n<summary><b>Tasting &amp; Brewing <\/b><\/summary>\n<h4 class=\"p1\"><b>Chu\u0165ov\u00e9 pozn\u00e1mky<\/b><b><\/b><\/h4>\n<ul>\n<li data-start=\"853\" data-end=\"924\">\n<p data-start=\"855\" data-end=\"924\"><strong data-start=\"855\" data-end=\"865\">Aroma:<\/strong> Fresh mountain air, wild orchids, and buttery sweetness.<\/p>\n<\/li>\n<li data-start=\"925\" data-end=\"1042\">\n<p data-start=\"927\" data-end=\"1042\"><strong data-start=\"927\" data-end=\"938\">Flavor:<\/strong> Smooth and creamy with layers of <strong data-start=\"972\" data-end=\"989\">milky texture<\/strong>, <strong data-start=\"991\" data-end=\"1007\">floral notes<\/strong>, and a hint of <strong data-start=\"1023\" data-end=\"1039\">green bamboo<\/strong>.<\/p>\n<\/li>\n<li data-start=\"1043\" data-end=\"1109\">\n<p data-start=\"1045\" data-end=\"1109\"><strong data-start=\"1045\" data-end=\"1059\">Mouthfeel:<\/strong> Round and silky, leaving a lingering freshness.<\/p>\n<\/li>\n<li data-start=\"1110\" data-end=\"1193\">\n<p data-start=\"1112\" data-end=\"1193\"><strong data-start=\"1112\" data-end=\"1127\">Aftertaste:<\/strong> Sweet, clean, and long-lasting, with gentle vegetal undertones<\/p>\n<\/li>\n<\/ul>\n<p class=\"p1\"><b style=\"color: var(--theme-color-text_dark); font-family: var(--theme-font-h4_font-family); font-size: var(--theme-font-h4_font-size); font-style: var(--theme-font-h4_font-style); letter-spacing: var(--theme-font-h4_letter-spacing); text-transform: var(--theme-font-h4_text-transform); background-color: var(--theme-color-bg_color);\">Pokyny k p\u0159\u00edprav\u011b<\/b><\/p>\n<p>\u2022 <b>Mno\u017estv\u00ed \u010daje:<\/b> 4 g<br \/>\n\u2022 <b>Water temperature:<\/b> 100 \u00b0C<br \/>\n\u2022 <b>Water volume:<\/b> 100ml &#8211; 120 ml<br \/>\n\u2022 <b>Steeping time:<\/b> 60 seconds first, 50 seconds second, then you can adjust accordingly with your preference (6 \u2013 8 infusions)<i><\/i><\/p>\n<\/details>\n<details>\n<summary><b>European Quality<\/b><\/summary>\n<p>&nbsp;<\/p>\n<p><strong data-start=\"80\" data-end=\"118\">Our Commitment to European Quality<\/strong><br data-start=\"118\" data-end=\"121\" \/>This tea is produced and packaged in full compliance with the quality and safety standards set by the European Union. From the careful selection of tea leaves to processing and packaging, every step follows certified procedures that ensure food safety, traceability, and environmental responsibility.<\/p>\n<\/details>","protected":false},"excerpt":{"rendered":"<p>P\u011bstov\u00e1no v nadmo\u0159sk\u00e9 v\u00fd\u0161ce <strong data-start=\"326\" data-end=\"348\">1000 meters<\/strong> v mlhav\u00fdch hor\u00e1ch <strong data-start=\"375\" data-end=\"403\">Shanlinxi (Sun Link Sea)<\/strong> in central Taiwan, this<strong data-start=\"428\" data-end=\"461\">\u00a0Oolong<\/strong> represents the delicate balance of nature<\/p>","protected":false},"featured_media":37752,"comment_status":"open","ping_status":"closed","template":"","meta":{"om_disable_all_campaigns":false,"wprm-recipe-roundup-name":"","wprm-recipe-roundup-description":"","_monsterinsights_skip_tracking":false,"_monsterinsights_sitenote_active":false,"_monsterinsights_sitenote_note":"","_monsterinsights_sitenote_category":0},"product_brand":[],"product_cat":[317],"product_tag":[338,337,333],"class_list":{"0":"post-37745","1":"product","2":"type-product","3":"status-publish","4":"has-post-thumbnail","6":"product_cat-tea","7":"product_tag-high-mountain","8":"product_tag-oolong-tea","9":"product_tag-taiwan","11":"first","12":"instock","13":"shipping-taxable","14":"purchasable","15":"product-type-variable"},"aioseo_notices":[],"_links":{"self":[{"href":"https:\/\/purelifepraha.com\/cs\/wp-json\/wp\/v2\/product\/37745","targetHints":{"allow":["GET"]}}],"collection":[{"href":"https:\/\/purelifepraha.com\/cs\/wp-json\/wp\/v2\/product"}],"about":[{"href":"https:\/\/purelifepraha.com\/cs\/wp-json\/wp\/v2\/types\/product"}],"replies":[{"embeddable":true,"href":"https:\/\/purelifepraha.com\/cs\/wp-json\/wp\/v2\/comments?post=37745"}],"wp:featuredmedia":[{"embeddable":true,"href":"https:\/\/purelifepraha.com\/cs\/wp-json\/wp\/v2\/media\/37752"}],"wp:attachment":[{"href":"https:\/\/purelifepraha.com\/cs\/wp-json\/wp\/v2\/media?parent=37745"}],"wp:term":[{"taxonomy":"product_brand","embeddable":true,"href":"https:\/\/purelifepraha.com\/cs\/wp-json\/wp\/v2\/product_brand?post=37745"},{"taxonomy":"product_cat","embeddable":true,"href":"https:\/\/purelifepraha.com\/cs\/wp-json\/wp\/v2\/product_cat?post=37745"},{"taxonomy":"product_tag","embeddable":true,"href":"https:\/\/purelifepraha.com\/cs\/wp-json\/wp\/v2\/product_tag?post=37745"}],"curies":[{"name":"wp","href":"https:\/\/api.w.org\/{rel}","templated":true}]}}