{"id":37959,"date":"2026-03-13T19:38:43","date_gmt":"2026-03-13T19:38:43","guid":{"rendered":"https:\/\/purelifepraha.com\/?post_type=product&#038;p=37959"},"modified":"2026-03-13T21:37:02","modified_gmt":"2026-03-13T21:37:02","slug":"alishan-milky-oolong","status":"publish","type":"product","link":"https:\/\/purelifepraha.com\/cs\/produkt\/alishan-milky-oolong\/","title":{"rendered":"Alishan milky Oolong tea"},"content":{"rendered":"<details>\n<summary><b>Details<\/b><\/summary>\n<p data-start=\"373\" data-end=\"611\">Alishan milky oolong (1600 m) \u2014 a naturally creamy Jin Xuan tea with osmanthus notes, fresh mountain character, and a clean, smooth aftertaste.<\/p>\n<p data-start=\"613\" data-end=\"865\">Cultivated at an altitude of around 1,600 meters in the pristine mountains of Alishan, this Milky Oolong is known for its naturally creamy character and gentle floral elegance. The cool temperatures, abundant mist, and slow-growing tea plants allow the leaves to develop a rich concentration of aroma and sweetness.<\/p>\n<p>Carefully hand-picked and lightly oxidized, Alishan Milky Oolong expresses a soft, comforting profile that reflects the purity of Taiwan\u2019s high mountain terroir.<\/p>\n<p><b>P\u016fvod:<\/b> Meishan, Chiayi, Taiwan<br \/>\n<b>Nadmo\u0159sk\u00e1 v\u00fd\u0161ka:<\/b> ~1 600 m<br \/>\n<b>Oxidace:<\/b> 20% &#8211; 30%<br \/>\n<b>Typ: <\/b> Oolong, Jinxuan TTES 12<\/p>\n<\/details>\n<details>\n<summary><b>Tasting &amp; Brewing<\/b><\/summary>\n<h4><b>Chu\u0165ov\u00e9 pozn\u00e1mky<\/b><\/h4>\n<ul>\n<li data-start=\"1452\" data-end=\"1506\">\n<p data-start=\"1454\" data-end=\"1506\"><strong data-start=\"1454\" data-end=\"1464\">Aroma: <\/strong> Fresh mountain air, wild orchids, and buttery sweetness<\/p>\n<\/li>\n<li data-start=\"1507\" data-end=\"1547\">\n<p data-start=\"1509\" data-end=\"1547\"><strong data-start=\"1509\" data-end=\"1520\">Flavor: <\/strong> Osmanthus, milky, peach sweetness, smooth<\/p>\n<\/li>\n<li data-start=\"1548\" data-end=\"1632\">\n<p data-start=\"1550\" data-end=\"1632\"><strong data-start=\"1550\" data-end=\"1560\">Mouthfeel: <\/strong> Round and milky, leaving a lingering freshness<\/p>\n<\/li>\n<li data-start=\"1633\" data-end=\"1682\">\n<p data-start=\"1635\" data-end=\"1682\"><strong data-start=\"1635\" data-end=\"1646\">Aftertaste: <\/strong> Sweet, clean, and long-lasting<\/p>\n<\/li>\n<\/ul>\n<h4><b>Pokyny k p\u0159\u00edprav\u011b<\/b><\/h4>\n<ul>\n<li data-start=\"1847\" data-end=\"1865\">\n<p data-start=\"1849\" data-end=\"1865\"><strong data-start=\"1849\" data-end=\"1857\">Mno\u017estv\u00ed \u010daje:<\/strong> 4 g<\/p>\n<\/li>\n<li data-start=\"1866\" data-end=\"1887\">\n<p data-start=\"1868\" data-end=\"1887\"><strong data-start=\"1868\" data-end=\"1878\">Water volume:<\/strong> 100 ml &#8211; 120 ml<\/p>\n<\/li>\n<li data-start=\"1888\" data-end=\"1917\">\n<p data-start=\"1890\" data-end=\"1917\"><strong data-start=\"1890\" data-end=\"1906\">Water Temperature:<\/strong> 100 \u00b0C<\/p>\n<\/li>\n<li data-start=\"1888\" data-end=\"1917\">\n<p data-start=\"1890\" data-end=\"1917\"><strong>Steeping time:<\/strong>\u00a060 s first, 50 s second (6\u20138 infusions)<\/p>\n<\/li>\n<\/ul>\n<\/details>\n<details>\n<summary><b>Health benefits<\/b><\/summary>\n<p>&nbsp;<\/p>\n<p data-start=\"2091\" data-end=\"2184\">Wild white teas are traditionally appreciated for their <strong data-start=\"2147\" data-end=\"2183\">gentle yet nourishing properties<\/strong>:<\/p>\n<ul data-start=\"2186\" data-end=\"2642\">\n<li data-start=\"2186\" data-end=\"2311\">\n<p data-start=\"2188\" data-end=\"2311\"><strong>Rich in antioxidants<\/strong><br data-start=\"2222\" data-end=\"2225\" \/>Alishan oolong contains <strong data-start=\"488\" data-end=\"530\">polyphenols, catechins, and flavonoids<\/strong> that help neutralize free radicals in the body. These antioxidants may help protect cells and reduce inflammation.<\/p>\n<\/li>\n<li data-start=\"2313\" data-end=\"2419\">\n<p data-start=\"2315\" data-end=\"2419\"><strong data-start=\"2315\" data-end=\"2343\">Supports immune vitality<\/strong><br data-start=\"2343\" data-end=\"2346\" \/>Often consumed to help maintain natural defenses and seasonal wellness.<\/p>\n<\/li>\n<li data-start=\"2421\" data-end=\"2518\">\n<p data-start=\"2423\" data-end=\"2518\"><strong>Supports heart health<\/strong><\/p>\n<p data-start=\"1450\" data-end=\"1493\">Regular consumption of oolong tea may help:<\/p>\n<ul data-start=\"1494\" data-end=\"1625\">\n<li data-section-id=\"1qajue\" data-start=\"1494\" data-end=\"1529\">\n<p data-start=\"1496\" data-end=\"1529\">Lower <strong data-start=\"1502\" data-end=\"1529\">LDL (\u201cbad\u201d) cholesterol<\/strong><\/p>\n<\/li>\n<li data-section-id=\"w9db8t\" data-start=\"1530\" data-end=\"1553\">\n<p data-start=\"1532\" data-end=\"1553\">Improve circulation<\/p>\n<\/li>\n<li data-section-id=\"2dpp7b\" data-start=\"1554\" data-end=\"1625\">\n<p data-start=\"1556\" data-end=\"1625\">Reduce risk of heart disease.<\/p>\n<\/li>\n<\/ul>\n<\/li>\n<li data-start=\"2520\" data-end=\"2642\">\n<p data-start=\"2522\" data-end=\"2642\"><strong>Mental focus and calm energy<\/strong><\/p>\n<p data-start=\"1735\" data-end=\"1806\">Alishan tea contains <strong data-start=\"1756\" data-end=\"1781\">caffeine + L-theanine<\/strong>.<br data-start=\"1782\" data-end=\"1785\" \/>This combination can:<\/p>\n<ul data-start=\"1807\" data-end=\"1934\">\n<li data-section-id=\"xyowkj\" data-start=\"1807\" data-end=\"1832\">\n<p data-start=\"1809\" data-end=\"1832\">Improve concentration<\/p>\n<\/li>\n<li data-section-id=\"1kicacb\" data-start=\"1833\" data-end=\"1858\">\n<p data-start=\"1835\" data-end=\"1858\">Provide smooth energy<\/p>\n<\/li>\n<li data-section-id=\"6negqa\" data-start=\"1859\" data-end=\"1934\">\n<p data-start=\"1861\" data-end=\"1934\">Reduce stress and mental fatigue<\/p>\n<\/li>\n<\/ul>\n<\/li>\n<\/ul>\n<\/details>\n<details>\n<summary><b>European Quality<\/b><\/summary>\n<p>&nbsp;<\/p>\n<p><strong>Our Commitment to European Quality<\/strong><br \/>\nThis tea is produced and packaged in full compliance with European Union food safety and quality standards.<\/p>\n<\/details>","protected":false},"excerpt":{"rendered":"<div>\n<div class=\"cTpACc indIKd wHYlTd\">Alishan milky oolong (1600 m) \u2014 a naturally creamy Jin Xuan tea with osmanthus notes, fresh mountain character, and a clean, smooth aftertaste.<\/div>\n<\/div>","protected":false},"featured_media":37827,"comment_status":"open","ping_status":"closed","template":"","meta":{"om_disable_all_campaigns":false,"wprm-recipe-roundup-name":"","wprm-recipe-roundup-description":"","_monsterinsights_skip_tracking":false,"_monsterinsights_sitenote_active":false,"_monsterinsights_sitenote_note":"","_monsterinsights_sitenote_category":0},"product_brand":[],"product_cat":[317],"product_tag":[337,333],"class_list":{"0":"post-37959","1":"product","2":"type-product","3":"status-publish","4":"has-post-thumbnail","6":"product_cat-tea","7":"product_tag-oolong-tea","8":"product_tag-taiwan","10":"first","11":"instock","12":"shipping-taxable","13":"purchasable","14":"product-type-variable"},"aioseo_notices":[],"_links":{"self":[{"href":"https:\/\/purelifepraha.com\/cs\/wp-json\/wp\/v2\/product\/37959","targetHints":{"allow":["GET"]}}],"collection":[{"href":"https:\/\/purelifepraha.com\/cs\/wp-json\/wp\/v2\/product"}],"about":[{"href":"https:\/\/purelifepraha.com\/cs\/wp-json\/wp\/v2\/types\/product"}],"replies":[{"embeddable":true,"href":"https:\/\/purelifepraha.com\/cs\/wp-json\/wp\/v2\/comments?post=37959"}],"wp:featuredmedia":[{"embeddable":true,"href":"https:\/\/purelifepraha.com\/cs\/wp-json\/wp\/v2\/media\/37827"}],"wp:attachment":[{"href":"https:\/\/purelifepraha.com\/cs\/wp-json\/wp\/v2\/media?parent=37959"}],"wp:term":[{"taxonomy":"product_brand","embeddable":true,"href":"https:\/\/purelifepraha.com\/cs\/wp-json\/wp\/v2\/product_brand?post=37959"},{"taxonomy":"product_cat","embeddable":true,"href":"https:\/\/purelifepraha.com\/cs\/wp-json\/wp\/v2\/product_cat?post=37959"},{"taxonomy":"product_tag","embeddable":true,"href":"https:\/\/purelifepraha.com\/cs\/wp-json\/wp\/v2\/product_tag?post=37959"}],"curies":[{"name":"wp","href":"https:\/\/api.w.org\/{rel}","templated":true}]}}