{"id":38168,"date":"2026-04-13T11:22:35","date_gmt":"2026-04-13T11:22:35","guid":{"rendered":"https:\/\/purelifepraha.com\/?post_type=product&#038;p=38168"},"modified":"2026-04-13T11:41:38","modified_gmt":"2026-04-13T11:41:38","slug":"jasmine-pouchong-oolong-eco-farm","status":"publish","type":"product","link":"https:\/\/purelifepraha.com\/cs\/produkt\/jasmine-pouchong-oolong-eco-farm\/","title":{"rendered":"Jasmine Pouchong Oolong &#8211; Eco farm"},"content":{"rendered":"<details>\n<summary><b>Popis<\/b><\/summary>\n<p>&nbsp;<\/p>\n<p class=\"p1\">Cultivated in the lush hills of <b>Pinglin, New Taipei<\/b>, <strong>Jasmine<\/strong><b>\u00a0Pouchong<\/b> is one of Taiwan\u2019s most historic and delicate lightly oxidized oolong teas. Grown using <b>ecological farming practices<\/b>, this tea reflects the harmony between Taiwan\u2019s natural environment and traditional craftsmanship.<\/p>\n<p class=\"p1\">Nestled among misty valleys and surrounded by subtropical forests, the Pinglin region offers the ideal microclimate for slow leaf growth and deep aromatic development. The leaves are <b>hand-picked and carefully withered under natural sunlight<\/b>, resulting in a tea that bridges the freshness of green tea with the complexity of oolong.<\/p>\n<p><img fetchpriority=\"high\" decoding=\"async\" class=\"wp-image-37761 size-medium alignright\" src=\"https:\/\/purelifepraha.com\/wp-content\/uploads\/2025\/10\/IMG_6861-290x300.jpeg\" alt=\"Pouchong eco farm\" width=\"290\" height=\"300\" srcset=\"https:\/\/purelifepraha.com\/wp-content\/uploads\/2025\/10\/IMG_6861-290x300.jpeg 290w, https:\/\/purelifepraha.com\/wp-content\/uploads\/2025\/10\/IMG_6861-scaled-400x414.jpeg 400w, https:\/\/purelifepraha.com\/wp-content\/uploads\/2025\/10\/IMG_6861-989x1024.jpeg 989w, https:\/\/purelifepraha.com\/wp-content\/uploads\/2025\/10\/IMG_6861-768x795.jpeg 768w, https:\/\/purelifepraha.com\/wp-content\/uploads\/2025\/10\/IMG_6861-1484x1536.jpeg 1484w, https:\/\/purelifepraha.com\/wp-content\/uploads\/2025\/10\/IMG_6861-1979x2048.jpeg 1979w, https:\/\/purelifepraha.com\/wp-content\/uploads\/2025\/10\/IMG_6861-12x12.jpeg 12w, https:\/\/purelifepraha.com\/wp-content\/uploads\/2025\/10\/IMG_6861-370x383.jpeg 370w, https:\/\/purelifepraha.com\/wp-content\/uploads\/2025\/10\/IMG_6861-840x869.jpeg 840w, https:\/\/purelifepraha.com\/wp-content\/uploads\/2025\/10\/IMG_6861-410x424.jpeg 410w\" sizes=\"(max-width: 290px) 100vw, 290px\" \/><\/p>\n<p class=\"p1\">The result is a cup of <b>pure elegance, light, floral, and refreshing<\/b>, embodying the grace and clarity of northern Taiwan\u2019s tea culture.<\/p>\n<p class=\"p1\"><b>Jasmine-scented Baozhong Tea &#8211; <\/b><b>What is scenting (<\/b><span class=\"s1\"><b>\u7aa8\u82b1<\/b><\/span><b>)?<\/b><b><\/b><\/p>\n<div class=\"tea-description\">\n<p>A traditional high-end method used for premium scented teas. Fresh jasmine flowers are layered with tea leaves so the tea absorbs the natural aroma.<\/p>\n<p>Typical process:<\/p>\n<ol>\n<li>Jasmine buds are picked in the evening<\/li>\n<li>Mixed and layered with tea leaves<\/li>\n<li>Flowers bloom at night and release fragrance<\/li>\n<li>Flowers are removed in the morning<\/li>\n<li>The process is repeated multiple times<\/li>\n<\/ol>\n<\/div>\n<p class=\"p1\">This allows the fragrance to <b>infuse into the tea leaves<\/b>, not artificial flavoring. That\u2019s why it is more premium than regular jasmine tea.<\/p>\n<p data-start=\"304\" data-end=\"781\"><b style=\"color: var(--theme-color-text_dark); font-family: var(--theme-font-h4_font-family); font-size: var(--theme-font-h4_font-size); font-style: var(--theme-font-h4_font-style); letter-spacing: var(--theme-font-h4_letter-spacing); text-transform: var(--theme-font-h4_text-transform); background-color: var(--theme-color-bg_color);\">Description:<\/b><\/p>\n<p class=\"p1\"><b>P\u016fvod:<\/b> Pinglin, New Taipei, Taiwan<br \/>\n<b>Nadmo\u0159sk\u00e1 v\u00fd\u0161ka:<\/b> 400-800 m<br \/>\n<b>Typ:<\/b> Light Oxidation Oolong (Pouchong \/ Baozhong)<br \/>\n<b>Cultivar:<\/b> Chin-Shin Oolong<br \/>\n<b>Oxidace:<\/b> Light (10-20%)<\/p>\n<\/details>\n<details>\n<summary><b>Eco Farming<\/b><\/summary>\n<p>&nbsp;<\/p>\n<p class=\"p1\"><b>Eco Farming:<\/b><br \/>\nThis tea is cultivated with <b>minimal human interference<\/b>, allowing the plants to grow in harmony with their natural surroundings. <b>No pesticides or chemical fertilizers<\/b> are used &#8211; the tea thrives in clean mountain air and pure soil. Such cultivation requires <b>exceptional skill and sensitivity<\/b>, as the leaves absorb the subtle characteristics of their environment, resulting in a tea that truly reflects the <b>spirit of its terroir<\/b>.<\/p>\n<p><b>Taiwan Ecofarm Jasmine Baozhong is a premium, eco-friendly, scented oolong.<\/b><b><\/b><\/p>\n<\/details>\n<details>\n<summary><b>Tasting &amp; Brewing<\/b><\/summary>\n<h4 class=\"p1\"><b>Chu\u0165ov\u00e9 pozn\u00e1mky<\/b><b><\/b><\/h4>\n<ul>\n<li data-start=\"853\" data-end=\"924\">\n<p class=\"p1\"><b>Aroma: <\/b>Jasmine first, followed by orchid and gardenia notes<\/p>\n<\/li>\n<li data-start=\"853\" data-end=\"924\">\n<p class=\"p1\"><b>Flavor: <\/b>Floral, sweet, smooth, lingering finish<\/p>\n<\/li>\n<li data-start=\"853\" data-end=\"924\">\n<p class=\"p1\"><b>Mouthfeel: <\/b>Very little bitterness or astringency<\/p>\n<\/li>\n<li data-start=\"853\" data-end=\"924\">\n<p class=\"p1\"><b>Aftertaste: <\/b>long aftertaste in the throat<\/p>\n<\/li>\n<\/ul>\n<p class=\"p1\"><b style=\"color: var(--theme-color-text_dark); font-family: var(--theme-font-h4_font-family); font-size: var(--theme-font-h4_font-size); font-style: var(--theme-font-h4_font-style); letter-spacing: var(--theme-font-h4_letter-spacing); text-transform: var(--theme-font-h4_text-transform); background-color: var(--theme-color-bg_color);\">Pokyny k p\u0159\u00edprav\u011b<\/b><\/p>\n<p><strong>White porcelain gaiwan<\/strong><\/p>\n<ul class=\"ul1\">\n<li class=\"li1\"><b>Mno\u017estv\u00ed \u010daje:<\/b> 5g<\/li>\n<li class=\"li1\"><b>Water temperature:<\/b> 90 &#8211; 95 \u00b0C<\/li>\n<li class=\"li1\"><b>Water volume:<\/b> 100 ml<\/li>\n<li class=\"li1\"><b>Steeping time:<\/b> 40 seconds for the first infusion, 50 seconds for the second, then gradually adjust 10 secs for 6-8 infusions<\/li>\n<\/ul>\n<p><strong>Teapot<\/strong><\/p>\n<p>Tea \/ water ratio 1:75, 90\u00b0C, brew for 5 mins<\/p>\n<\/details>\n<details>\n<summary><b>European Quality<\/b><\/summary>\n<p>&nbsp;<\/p>\n<p>Our Commitment to European Quality<br data-start=\"118\" data-end=\"121\" \/>This tea is produced and packaged in full compliance with the quality and safety standards set by the European Union. From the careful selection of tea leaves to processing and packaging, every step follows certified procedures that ensure food safety, traceability, and environmental responsibility.<\/p>\n<\/details>","protected":false},"excerpt":{"rendered":"<p>Cultivated in the lush hills of <b>Taiwan<\/b>, this tea is high-quality jasmine-scented oolong made from <b>eco-farmed jasmine flowers and Taiwanese Wenshan Baozhong tea<\/b><\/p>","protected":false},"featured_media":37760,"comment_status":"open","ping_status":"closed","template":"","meta":{"om_disable_all_campaigns":false,"wprm-recipe-roundup-name":"","wprm-recipe-roundup-description":"","_monsterinsights_skip_tracking":false,"_monsterinsights_sitenote_active":false,"_monsterinsights_sitenote_note":"","_monsterinsights_sitenote_category":0},"product_brand":[],"product_cat":[317],"product_tag":[340,338,337,333],"class_list":{"0":"post-38168","1":"product","2":"type-product","3":"status-publish","4":"has-post-thumbnail","6":"product_cat-tea","7":"product_tag-ecofarm","8":"product_tag-high-mountain","9":"product_tag-oolong-tea","10":"product_tag-taiwan","12":"first","13":"instock","14":"shipping-taxable","15":"purchasable","16":"product-type-variable"},"aioseo_notices":[],"_links":{"self":[{"href":"https:\/\/purelifepraha.com\/cs\/wp-json\/wp\/v2\/product\/38168","targetHints":{"allow":["GET"]}}],"collection":[{"href":"https:\/\/purelifepraha.com\/cs\/wp-json\/wp\/v2\/product"}],"about":[{"href":"https:\/\/purelifepraha.com\/cs\/wp-json\/wp\/v2\/types\/product"}],"replies":[{"embeddable":true,"href":"https:\/\/purelifepraha.com\/cs\/wp-json\/wp\/v2\/comments?post=38168"}],"wp:featuredmedia":[{"embeddable":true,"href":"https:\/\/purelifepraha.com\/cs\/wp-json\/wp\/v2\/media\/37760"}],"wp:attachment":[{"href":"https:\/\/purelifepraha.com\/cs\/wp-json\/wp\/v2\/media?parent=38168"}],"wp:term":[{"taxonomy":"product_brand","embeddable":true,"href":"https:\/\/purelifepraha.com\/cs\/wp-json\/wp\/v2\/product_brand?post=38168"},{"taxonomy":"product_cat","embeddable":true,"href":"https:\/\/purelifepraha.com\/cs\/wp-json\/wp\/v2\/product_cat?post=38168"},{"taxonomy":"product_tag","embeddable":true,"href":"https:\/\/purelifepraha.com\/cs\/wp-json\/wp\/v2\/product_tag?post=38168"}],"curies":[{"name":"wp","href":"https:\/\/api.w.org\/{rel}","templated":true}]}}